{"id":783,"date":"2025-07-14T13:15:35","date_gmt":"2025-07-14T11:15:35","guid":{"rendered":"https:\/\/glemmerhof.at\/?page_id=783"},"modified":"2025-11-17T15:15:04","modified_gmt":"2025-11-17T14:15:04","slug":"preise-zimmer","status":"publish","type":"page","link":"https:\/\/glemmerhof.at\/?page_id=783","title":{"rendered":"Preise Zimmer"},"content":{"rendered":"<h1>Preisliste Zimmer<\/h1>\n<div>\n<h2>Sommer 2026<\/h2>\n<p>Genie\u00dfe die Vorz\u00fcge der perfekten Mischung aus Bergbahnen, Schifffahrt, Action und Erholung am See.<br \/>\nDies und noch mehr an Bonuspartnern bietet <strong><span style=\"color: #99cc00;\">die Sommercard<\/span>.<\/strong><br \/>\nAlle Informationen findest du hier: <a href=\"https:\/\/www.viehhofen.at\/de\/sommer\/sommercard\" target=\"_blank\" rel=\"noopener\">Sommercard Infos Tourismusverband Viehhofen<\/a><\/p>\n<ul>\n<li style=\"list-style-type: none;\">\n<ul>\n<li>Person pro Nacht, inklusive Fr\u00fchst\u00fcck \u20ac 53,00<\/li>\n<li>im gro\u00dfen Familienzimmer (Zimmernr. 1) \u20ac p.P. \u20ac 63,00<\/li>\n<li>+ Ortstaxe pro Person &amp; Nacht \u20ac 2,20<\/li>\n<li>+ G\u00e4stemobilit\u00e4t pro Person &amp; Nacht \u20ac 0,50<\/li>\n<li>Zuschlag Einzelzimmer Hauptsaison \u20ac 15,00<\/li>\n<li>Kurzaufenhaltszuschlag (bis 2 N\u00e4chte) \u20ac 4,00<\/li>\n<li>Kinderbett (0-3 Jahre) \u20ac 4,00<\/li>\n<li>WiFi inklusive<\/li>\n<li>Kind im Zimmer der Eltern 3 \u2013 6 Jahre -50%<\/li>\n<li>Kind im Zimmer der Eltern 6 \u2013 12 Jahren -20%<\/li>\n<li>G\u00e4stemobilit\u00e4t Pinzgau \u2013 Kostenlos Busfahren f\u00fcr unsere G\u00e4ste<\/li>\n<\/ul>\n<\/li>\n<\/ul>\n<h2>Winter 2025\/2026<\/h2>\n<ul>\n<li style=\"list-style-type: none;\">\n<ul>\n<li>Person pro Nacht, inklusive Fr\u00fchst\u00fcck p.P. \u20ac 67,20<\/li>\n<li>im gro\u00dfen Familienzimmer (Zimmernr. 1) \u20ac p.P. \u20ac 77,20<\/li>\n<li>Aufschlag Halbpension pro Person \u20ac 22,50<\/li>\n<li>+ Ortstaxe pro Person &amp; Nacht \u20ac 2,20<\/li>\n<li>+ G\u00e4stemobilit\u00e4t Pinzgau pro Person &amp; Nacht \u20ac 0,50<\/li>\n<li>Zuschlag Einzelzimmer \u20ac 15,00<\/li>\n<li>Kurzaufenhaltszuschlag (bis 2 N\u00e4chte) \u20ac 4,00<\/li>\n<li>Kinderbett (0-3 Jahre) \u20ac 4,00<\/li>\n<li>WiFi inklusive<\/li>\n<li>Kind im Zimmer der Eltern 3 \u2013 6 Jahre -50%<\/li>\n<li>Kind im Zimmer der Eltern 6 \u2013 12 Jahren -20%<\/li>\n<li>G\u00e4stemobilit\u00e4t Pinzgau \u2013 Kostenlos Busfahren f\u00fcr unsere G\u00e4ste<\/li>\n<\/ul>\n<\/li>\n<\/ul>\n<p>Hunde sind im Zimmer erlaubt, hierf\u00fcr verrechnen wir \u20ac 2,- per Nacht.<br \/>\nBitte gib uns bei der Reservierung Bescheid!<\/p>\n<p>Zum Fr\u00fchst\u00fcck servieren wir Getr\u00e4nke nach freier Wahl<br \/>\n(Tee, Kaffee, Kakao) sowie ein reichhaltiges Fr\u00fchst\u00fccksbuffet.<br \/>\nDie Halbpension (nur Winter) besteht aus Fr\u00fchst\u00fcck und einem dreig\u00e4ngigen Abendmen\u00fc.<br \/>\nAnzahlung f\u00fcr eine Zimmerreservierung<br \/>\n(wird r\u00fcckverg\u00fctet) sind \u20ac 100,- bis \u20ac 200,-<br \/>\nPreis\u00e4nderungen vorbehalten.<\/p>\n<p>Registriernummer: 50625-000052-2020<\/p>\n<h2>Stornobedingungen<\/h2>\n<p>Bis 3 Monate vor Anreise &#8211; keine Stornogeb\u00fchren<br \/>\n3 Monate bis 1 Monat vor Anreise &#8211; 40% des Gesamtpreises<br \/>\n1 Monat bis 1 Woche vor Anreise &#8211; 70% des Gesamtpreises<br \/>\nIn der letzten Woche vor Anreise &#8211; 90% des Gesamtpreises<\/p>\n<p><a href=\"https:\/\/glemmerhof.at\/wp-content\/uploads\/2022\/05\/AGBH_deutsch.pdf\">\u00d6sterreichische Hotelvertragsbedingungen Download<\/a><\/p>\n<p><a href=\"https:\/\/glemmerhof.at\/bilder-zimmer\/\">Bilder Zimmer<\/a><\/p>\n<p><a href=\"https:\/\/glemmerhof.at\/zimmer\/\">Zimmer<\/a> Infos<\/p>\n<p>&nbsp;<\/p>\n<\/div>\n","protected":false},"excerpt":{"rendered":"<p>Preisliste Zimmer Sommer 2026 Genie\u00dfe die Vorz\u00fcge der perfekten Mischung aus Bergbahnen, Schifffahrt, Action und Erholung am See. Dies und noch mehr an Bonuspartnern bietet die Sommercard. Alle Informationen findest du hier: Sommercard Infos Tourismusverband Viehhofen Person pro Nacht, inklusive Fr\u00fchst\u00fcck \u20ac 53,00 im gro\u00dfen Familienzimmer (Zimmernr. 1) \u20ac p.P. \u20ac 63,00 + Ortstaxe pro &hellip; <\/p>\n<p class=\"link-more\"><a href=\"https:\/\/glemmerhof.at\/?page_id=783\" class=\"more-link\"><span class=\"screen-reader-text\">\u201ePreise Zimmer\u201c <\/span>weiterlesen<\/a><\/p>\n","protected":false},"author":1,"featured_media":0,"parent":0,"menu_order":0,"comment_status":"closed","ping_status":"closed","template":"","meta":{"footnotes":""},"class_list":["post-783","page","type-page","status-publish","hentry"],"_links":{"self":[{"href":"https:\/\/glemmerhof.at\/index.php?rest_route=\/wp\/v2\/pages\/783","targetHints":{"allow":["GET"]}}],"collection":[{"href":"https:\/\/glemmerhof.at\/index.php?rest_route=\/wp\/v2\/pages"}],"about":[{"href":"https:\/\/glemmerhof.at\/index.php?rest_route=\/wp\/v2\/types\/page"}],"author":[{"embeddable":true,"href":"https:\/\/glemmerhof.at\/index.php?rest_route=\/wp\/v2\/users\/1"}],"replies":[{"embeddable":true,"href":"https:\/\/glemmerhof.at\/index.php?rest_route=%2Fwp%2Fv2%2Fcomments&post=783"}],"version-history":[{"count":7,"href":"https:\/\/glemmerhof.at\/index.php?rest_route=\/wp\/v2\/pages\/783\/revisions"}],"predecessor-version":[{"id":835,"href":"https:\/\/glemmerhof.at\/index.php?rest_route=\/wp\/v2\/pages\/783\/revisions\/835"}],"wp:attachment":[{"href":"https:\/\/glemmerhof.at\/index.php?rest_route=%2Fwp%2Fv2%2Fmedia&parent=783"}],"curies":[{"name":"wp","href":"https:\/\/api.w.org\/{rel}","templated":true}]}}