{"id":774,"date":"2025-07-14T13:06:55","date_gmt":"2025-07-14T11:06:55","guid":{"rendered":"https:\/\/glemmerhof.at\/?page_id=774"},"modified":"2025-11-17T15:12:48","modified_gmt":"2025-11-17T14:12:48","slug":"preise-campingplatz","status":"publish","type":"page","link":"https:\/\/glemmerhof.at\/?page_id=774","title":{"rendered":"Preise Campingplatz"},"content":{"rendered":"<h2>Preise Campingplatz<\/h2>\n<p>Stellplatz pro Tag inkl. WIFI am gesamten Platz, M\u00fcllabgabe, Kabel TV und Warmwasser. ACHTUNG! Das Kabel Fernsehen ist in \u00d6sterreich nur mehr mit einem digitalen TV Ger\u00e4t m\u00f6glich (keine Analogen Ger\u00e4te mehr!)<br \/>\nUnser Campingplatz ist das ganze Jahr \u00fcber ge\u00f6ffnet.<br \/>\nEine Ladestation f\u00fcr Elektroautos befindet sich auf unserem Parkplatz.<\/p>\n<div>\n<h2>Sommer 2026<\/h2>\n<p>Genie\u00dfe die Vorz\u00fcge der perfekten Mischung aus Bergbahnen, Schifffahrt, Action und Erholung am See.<br \/>\nDies und noch mehr an Bonuspartnern bietet <strong><span style=\"color: #99cc00;\">die Sommercard<\/span>.<\/strong><br \/>\nAlle Informationen findest du hier: <a href=\"https:\/\/www.viehhofen.at\/de\/sommer\/sommercard\" target=\"_blank\" rel=\"noopener\">Sommercard Infos Tourismusverband Viehhofen<\/a><\/p>\n<ul>\n<li style=\"list-style-type: none;\">\n<ul>\n<li>1 Stellplatz inkl. 2 Personen \u20ac 39,20<\/li>\n<li>jede weitere Person pro Nacht (ab 15 Jahren) \u20ac 12,00<\/li>\n<li>+ Ortstaxe pro Person und Nacht \u20ac 2,20<\/li>\n<li>+ G\u00e4stemobilit\u00e4t pro Person und Nacht \u20ac 0,50<\/li>\n<li>Kinder 0-3 Jahre gratis<\/li>\n<li>Kinder 4-6 Jahre \u20ac 4,-<\/li>\n<li>Kinder 7-14 Jahre \u20ac 6,-<\/li>\n<li>Anschlussgeb\u00fchr f\u00fcr Strom (einmalig) \u20ac 2,-<\/li>\n<li>Strom per KW \u20ac 0,95<\/li>\n<li>Zelt extra \u20ac 3,50<\/li>\n<li>Auto extra \u20ac 2,50<\/li>\n<li>Hund \u20ac 1,50<\/li>\n<li>Kabel TV inklusive<\/li>\n<li>WiFi inklusive<\/li>\n<li>G\u00e4stemobilit\u00e4t Pinzgau &#8211; Kostenlos Busfahren f\u00fcr unsere G\u00e4ste<\/li>\n<\/ul>\n<\/li>\n<\/ul>\n<h2>Winter 2025\/26<\/h2>\n<ul>\n<li style=\"list-style-type: none;\">\n<ul>\n<li>1 Stellplatz inkl. 2 Personen \u20ac 47,50<\/li>\n<li>jede weitere Person pro Nacht (ab 15 Jahren) \u20ac 15,00<\/li>\n<li>+ Ortstaxe pro Person und Nacht \u20ac 2,20<\/li>\n<li>+ G\u00e4stemobilit\u00e4t pro Person und Nacht \u20ac 0,50<\/li>\n<li>Kinder 0-3 Jahre gratis<\/li>\n<li>Kinder 4-6 Jahre \u20ac 4,-<\/li>\n<li>Kinder 7-14 Jahre \u20ac 6,-<\/li>\n<li>Anschlussgeb\u00fchr f\u00fcr Strom (einmalig) \u20ac 2,-<\/li>\n<li>Strom per KW \u20ac 0,95<\/li>\n<li>Auto extra \u20ac 2,50<\/li>\n<li>Hund \u20ac 1,50<\/li>\n<li>Kabel TV inklusive<\/li>\n<li>WiFi inklusive<\/li>\n<li>Skibus inklusive<\/li>\n<\/ul>\n<\/li>\n<\/ul>\n<p>Winter Saisonstellplatz (von Oktober bis 1 Woche nach Ostern) inklusive den Personenkosten f\u00fcr den Inhaber und dessen Kinder unter 18 Jahren, inkl. Kabel TV, WIFI, exklusive Strom<\/p>\n<p>\u20ac 1.550,- (+ \u20ac 95,76 Ortstaxe)<\/p>\n<p>Der Saisonpreis ist bei der Anreise zu entrichten ist.<br \/>\nPreis\u00e4nderungen vorbehalten!<\/p>\n<p>Registriernummer: 50625-000521-2020<\/p>\n<\/div>\n<p><a href=\"http:\/\/neu.glemmerhof.at\/bilder-campingplatz\/\">Bilder Campingplatz<\/a><\/p>\n<p><a href=\"https:\/\/glemmerhof.at\/camping\/\">Camping &#8211; Infos<\/a><\/p>\n<h2>Stornobedingungen<\/h2>\n<p>Bis 3 Monate vor Anreise \u2013 keine Stornogeb\u00fchren<br \/>\n3 Monate bis 1 Monat vor Anreise \u2013 40% des Gesamtpreises<br \/>\n1 Monat bis 1 Woche vor Anreise \u2013 70% des Gesamtpreises<br \/>\nIn der letzten Woche vor Anreise \u2013 90% des Gesamtpreises<\/p>\n<p><a href=\"https:\/\/glemmerhof.at\/wp-content\/uploads\/2022\/05\/AGBH_deutsch.pdf\">\u00d6sterreichische Hotelvertragsbedingungen Download<\/a><\/p>\n","protected":false},"excerpt":{"rendered":"<p>Preise Campingplatz Stellplatz pro Tag inkl. WIFI am gesamten Platz, M\u00fcllabgabe, Kabel TV und Warmwasser. ACHTUNG! Das Kabel Fernsehen ist in \u00d6sterreich nur mehr mit einem digitalen TV Ger\u00e4t m\u00f6glich (keine Analogen Ger\u00e4te mehr!) Unser Campingplatz ist das ganze Jahr \u00fcber ge\u00f6ffnet. Eine Ladestation f\u00fcr Elektroautos befindet sich auf unserem Parkplatz. Sommer 2026 Genie\u00dfe die &hellip; <\/p>\n<p class=\"link-more\"><a href=\"https:\/\/glemmerhof.at\/?page_id=774\" class=\"more-link\"><span class=\"screen-reader-text\">\u201ePreise Campingplatz\u201c <\/span>weiterlesen<\/a><\/p>\n","protected":false},"author":1,"featured_media":0,"parent":0,"menu_order":0,"comment_status":"closed","ping_status":"closed","template":"","meta":{"footnotes":""},"class_list":["post-774","page","type-page","status-publish","hentry"],"_links":{"self":[{"href":"https:\/\/glemmerhof.at\/index.php?rest_route=\/wp\/v2\/pages\/774","targetHints":{"allow":["GET"]}}],"collection":[{"href":"https:\/\/glemmerhof.at\/index.php?rest_route=\/wp\/v2\/pages"}],"about":[{"href":"https:\/\/glemmerhof.at\/index.php?rest_route=\/wp\/v2\/types\/page"}],"author":[{"embeddable":true,"href":"https:\/\/glemmerhof.at\/index.php?rest_route=\/wp\/v2\/users\/1"}],"replies":[{"embeddable":true,"href":"https:\/\/glemmerhof.at\/index.php?rest_route=%2Fwp%2Fv2%2Fcomments&post=774"}],"version-history":[{"count":9,"href":"https:\/\/glemmerhof.at\/index.php?rest_route=\/wp\/v2\/pages\/774\/revisions"}],"predecessor-version":[{"id":833,"href":"https:\/\/glemmerhof.at\/index.php?rest_route=\/wp\/v2\/pages\/774\/revisions\/833"}],"wp:attachment":[{"href":"https:\/\/glemmerhof.at\/index.php?rest_route=%2Fwp%2Fv2%2Fmedia&parent=774"}],"curies":[{"name":"wp","href":"https:\/\/api.w.org\/{rel}","templated":true}]}}