{"id":73,"date":"2021-05-11T08:26:15","date_gmt":"2021-05-11T06:26:15","guid":{"rendered":"http:\/\/neu.glemmerhof.at\/?page_id=73"},"modified":"2025-11-17T15:14:22","modified_gmt":"2025-11-17T14:14:22","slug":"zimmer","status":"publish","type":"page","link":"https:\/\/glemmerhof.at\/?page_id=73","title":{"rendered":"Zimmer"},"content":{"rendered":"<div id=\"main\">\n<p>Das reichhaltige Fr\u00fchst\u00fccksbuffet gibt Kraft f\u00fcr einen langen Schitag oder einen sch\u00f6nen Wandertag in den Pinzgauer Bergen.<br \/>\nDie Zimmer k\u00f6nnen im Winter mit Halbpension gebucht werden, die ein drei g\u00e4ngiges Abendmen\u00fc umfasst.<br \/>\nUnsere Hausg\u00e4ste sind auch gerne in unserem \u00e1 la carte Restaurant willkommen &#8211; unser Motto \u2014 F\u00fcrstliche Portionen \u2013 b\u00fcrgerliche Preise.<br \/>\nEine Bushaltestelle befindet sich direkt vor unserer Haust\u00fcre.<\/p>\n<p>Alle G\u00e4stezimmer sind mit WC, Dusche, Haarf\u00f6n, TV und WIFI ausgestattet.<\/p>\n<p>Eigene Trockenr\u00e4ume f\u00fcr Schibekleidung und Schuhe, sowie ein mit Zugangscode abgesperrter Skiraum stehen kostenlos zur Verf\u00fcgung.<br \/>\nAnreise ab 13.00 Uhr m\u00f6glich, Abreise bis 11.00 Uhr.<\/p>\n<p>Unsere G\u00e4stezimmer sind alle 2021 renoviert worden und sind somit auf<br \/>\n3-Sterne Niveau.<\/p>\n<p>Eine Ladestation f\u00fcr Elektroautos befindet sich auf unserem Parkplatz.<\/p>\n<p><a href=\"https:\/\/glemmerhof.at\/bilder-zimmer\/\">Bilder<\/a> von unseren Zimmern<\/p>\n<p><a href=\"https:\/\/glemmerhof.at\/preise-zimmer\/\">Preise Zimmer<\/a><\/p>\n<div>\n<h2>Stornobedingungen<\/h2>\n<p>Bis 3 Monate vor Anreise &#8211; keine Stornogeb\u00fchren<br \/>\n3 Monate bis 1 Monat vor Anreise &#8211; 40% des Gesamtpreises<br \/>\n1 Monat bis 1 Woche vor Anreise &#8211; 70% des Gesamtpreises<br \/>\nIn der letzten Woche vor Anreise &#8211; 90% des Gesamtpreises<\/p>\n<p><a href=\"https:\/\/glemmerhof.at\/wp-content\/uploads\/2022\/05\/AGBH_deutsch.pdf\">\u00d6sterreichische Hotelvertragsbedingungen Download<\/a><\/p>\n<p>&nbsp;<\/p>\n<\/div>\n<\/div>\n","protected":false},"excerpt":{"rendered":"<p>Das reichhaltige Fr\u00fchst\u00fccksbuffet gibt Kraft f\u00fcr einen langen Schitag oder einen sch\u00f6nen Wandertag in den Pinzgauer Bergen. Die Zimmer k\u00f6nnen im Winter mit Halbpension gebucht werden, die ein drei g\u00e4ngiges Abendmen\u00fc umfasst. Unsere Hausg\u00e4ste sind auch gerne in unserem \u00e1 la carte Restaurant willkommen &#8211; unser Motto \u2014 F\u00fcrstliche Portionen \u2013 b\u00fcrgerliche Preise. Eine Bushaltestelle &hellip; <\/p>\n<p class=\"link-more\"><a href=\"https:\/\/glemmerhof.at\/?page_id=73\" class=\"more-link\"><span class=\"screen-reader-text\">\u201eZimmer\u201c <\/span>weiterlesen<\/a><\/p>\n","protected":false},"author":1,"featured_media":334,"parent":0,"menu_order":0,"comment_status":"closed","ping_status":"closed","template":"","meta":{"footnotes":""},"class_list":["post-73","page","type-page","status-publish","has-post-thumbnail","hentry"],"_links":{"self":[{"href":"https:\/\/glemmerhof.at\/index.php?rest_route=\/wp\/v2\/pages\/73","targetHints":{"allow":["GET"]}}],"collection":[{"href":"https:\/\/glemmerhof.at\/index.php?rest_route=\/wp\/v2\/pages"}],"about":[{"href":"https:\/\/glemmerhof.at\/index.php?rest_route=\/wp\/v2\/types\/page"}],"author":[{"embeddable":true,"href":"https:\/\/glemmerhof.at\/index.php?rest_route=\/wp\/v2\/users\/1"}],"replies":[{"embeddable":true,"href":"https:\/\/glemmerhof.at\/index.php?rest_route=%2Fwp%2Fv2%2Fcomments&post=73"}],"version-history":[{"count":32,"href":"https:\/\/glemmerhof.at\/index.php?rest_route=\/wp\/v2\/pages\/73\/revisions"}],"predecessor-version":[{"id":834,"href":"https:\/\/glemmerhof.at\/index.php?rest_route=\/wp\/v2\/pages\/73\/revisions\/834"}],"wp:featuredmedia":[{"embeddable":true,"href":"https:\/\/glemmerhof.at\/index.php?rest_route=\/wp\/v2\/media\/334"}],"wp:attachment":[{"href":"https:\/\/glemmerhof.at\/index.php?rest_route=%2Fwp%2Fv2%2Fmedia&parent=73"}],"curies":[{"name":"wp","href":"https:\/\/api.w.org\/{rel}","templated":true}]}}