{"id":71,"date":"2021-05-11T08:26:07","date_gmt":"2021-05-11T06:26:07","guid":{"rendered":"http:\/\/neu.glemmerhof.at\/?page_id=71"},"modified":"2021-07-14T18:38:06","modified_gmt":"2021-07-14T16:38:06","slug":"ueber-uns","status":"publish","type":"page","link":"https:\/\/glemmerhof.at\/?page_id=71","title":{"rendered":"\u00dcber uns"},"content":{"rendered":"<p>Im Jahr 1974 entschieden sich Frieda und Nik K\u00fcchler den Salzburger Pongau zu verlassen und siedelten sich am Beginn des Glemmtals an.<br \/>\nNach dem sie jahrelang die Radst\u00e4tter H\u00fctte am Rossbrand bewirtschaftet hatten sollte es mit ihren beiden T\u00f6chtern Ilse und Marianne nun ein Gasthof am Talboden sein.\u00a0<img loading=\"lazy\" decoding=\"async\" class=\"size-medium wp-image-154 alignright\" src=\"http:\/\/neu.glemmerhof.at\/wp-content\/uploads\/2021\/07\/nr._1-300x200.jpg\" alt=\"\" width=\"300\" height=\"200\" srcset=\"https:\/\/glemmerhof.at\/wp-content\/uploads\/2021\/07\/nr._1-300x200.jpg 300w, https:\/\/glemmerhof.at\/wp-content\/uploads\/2021\/07\/nr._1-768x512.jpg 768w, https:\/\/glemmerhof.at\/wp-content\/uploads\/2021\/07\/nr._1-1024x683.jpg 1024w, https:\/\/glemmerhof.at\/wp-content\/uploads\/2021\/07\/nr._1.jpg 1500w\" sizes=\"auto, (max-width: 300px) 100vw, 300px\" \/><\/p>\n<p>Wir sind nach wie vor ein Familienbetrieb, mit Liebe und Stolz gef\u00fchrt. Unser Gasthof der ca. 1880 erbaut wurde ist nicht nur unser Lebensmittelpunkt sondern auch der unserer G\u00e4ste.<\/p>\n<p>Im Jahr 2004 entdeckten wir das Bogenschie\u00dfen f\u00fcr uns, und nicht nur unsere private Leidenschaft sondern auch die Berufliche Richtung entwickelte sich immer mehr in Richtung dieser wundervollen Sportart.<\/p>\n<p>Im Jahr 2016 veranstalteten wir gemeinsam mit unserem Team die IFAA Europameisterschaft (EBHC 2016) in Saalbach Hinterglemm mit 1700 Startern. Unsere Glemmerhofturniere sind ein aufeinandertreffen mit Freunden und wir sind immer Feuer und Flamme unsere Bogensch\u00fctzen aus nah und fern mit Freude zu bewirten und sch\u00f6ne Parcours zu zaubern.<\/p>\n<p>Gutes Essen, nette Gespr\u00e4che, ein Glaserl Wein oder ein frisches Bier, ein gem\u00fctliches Bett, sch\u00f6ne Sch\u00fcsse am Parcours und zu Gast bei Freunden sein, beschreibt uns und unsere Philosophie wohl am Besten!<\/p>\n<p>Wir freuen uns auf Euren Besuch bei uns im Glemmerhof!<\/p>\n<p><img loading=\"lazy\" decoding=\"async\" class=\"alignnone size-large wp-image-156\" src=\"http:\/\/neu.glemmerhof.at\/wp-content\/uploads\/2021\/07\/IMG_3823-1024x768.jpg\" alt=\"\" width=\"525\" height=\"394\" srcset=\"https:\/\/glemmerhof.at\/wp-content\/uploads\/2021\/07\/IMG_3823-1024x768.jpg 1024w, https:\/\/glemmerhof.at\/wp-content\/uploads\/2021\/07\/IMG_3823-300x225.jpg 300w, https:\/\/glemmerhof.at\/wp-content\/uploads\/2021\/07\/IMG_3823-768x576.jpg 768w, https:\/\/glemmerhof.at\/wp-content\/uploads\/2021\/07\/IMG_3823.jpg 1701w\" sizes=\"auto, (max-width: 525px) 100vw, 525px\" \/><\/p>\n<p>&nbsp;<\/p>\n<p>&nbsp;<\/p>\n","protected":false},"excerpt":{"rendered":"<p>Im Jahr 1974 entschieden sich Frieda und Nik K\u00fcchler den Salzburger Pongau zu verlassen und siedelten sich am Beginn des Glemmtals an. Nach dem sie jahrelang die Radst\u00e4tter H\u00fctte am Rossbrand bewirtschaftet hatten sollte es mit ihren beiden T\u00f6chtern Ilse und Marianne nun ein Gasthof am Talboden sein.\u00a0 Wir sind nach wie vor ein Familienbetrieb, &hellip; <\/p>\n<p class=\"link-more\"><a href=\"https:\/\/glemmerhof.at\/?page_id=71\" class=\"more-link\"><span class=\"screen-reader-text\">\u201e\u00dcber uns\u201c <\/span>weiterlesen<\/a><\/p>\n","protected":false},"author":1,"featured_media":0,"parent":0,"menu_order":0,"comment_status":"closed","ping_status":"closed","template":"","meta":{"footnotes":""},"class_list":["post-71","page","type-page","status-publish","hentry"],"_links":{"self":[{"href":"https:\/\/glemmerhof.at\/index.php?rest_route=\/wp\/v2\/pages\/71","targetHints":{"allow":["GET"]}}],"collection":[{"href":"https:\/\/glemmerhof.at\/index.php?rest_route=\/wp\/v2\/pages"}],"about":[{"href":"https:\/\/glemmerhof.at\/index.php?rest_route=\/wp\/v2\/types\/page"}],"author":[{"embeddable":true,"href":"https:\/\/glemmerhof.at\/index.php?rest_route=\/wp\/v2\/users\/1"}],"replies":[{"embeddable":true,"href":"https:\/\/glemmerhof.at\/index.php?rest_route=%2Fwp%2Fv2%2Fcomments&post=71"}],"version-history":[{"count":6,"href":"https:\/\/glemmerhof.at\/index.php?rest_route=\/wp\/v2\/pages\/71\/revisions"}],"predecessor-version":[{"id":220,"href":"https:\/\/glemmerhof.at\/index.php?rest_route=\/wp\/v2\/pages\/71\/revisions\/220"}],"wp:attachment":[{"href":"https:\/\/glemmerhof.at\/index.php?rest_route=%2Fwp%2Fv2%2Fmedia&parent=71"}],"curies":[{"name":"wp","href":"https:\/\/api.w.org\/{rel}","templated":true}]}}