{"id":575,"date":"2023-08-30T13:16:47","date_gmt":"2023-08-30T11:16:47","guid":{"rendered":"https:\/\/glemmerhof.at\/?page_id=575"},"modified":"2025-11-30T22:06:48","modified_gmt":"2025-11-30T21:06:48","slug":"hallenturnier","status":"publish","type":"page","link":"https:\/\/glemmerhof.at\/?page_id=575","title":{"rendered":"Hallenturnier"},"content":{"rendered":"<p><strong>2025<\/strong><\/p>\n<p>Herzlichen Dank f\u00fcrs dabei sein beim 10. Glemmtal &#8211; Hallenturnier,<br \/>\nam 30. November 2025, dem ersten Adventsonntag.<\/p>\n<p>Herzlichen Gl\u00fcckwunsch zu allen Leistungen und bis zum n\u00e4chsten Mal!<\/p>\n<p>Ergebnisse:<br \/>\n<a href=\"https:\/\/glemmerhof.at\/wp-content\/uploads\/2025\/11\/ergebnisse_indoor2025_bsvglemmerhof.pdf\">Ergebnisse Hallenturnier 2025<\/a><\/p>\n<p>&nbsp;<\/p>\n<p><em><strong>2024<\/strong><\/em><\/p>\n<p>Herzlichen Dank f\u00fcrs Dabei sein!<\/p>\n<p>Es war wunderbar den 1. Adventsonntag gemeinsam mit Euch in der Halle zu verbringen, danke an alle Helfer, die Gemeinde Saalbach Hinterglemm dass wir in dieser sch\u00f6nen Halle unser Turnier veranstalten durften. Danke an die B\u00fcrgermeisterin von Viehhofen Caroline Supersberger f\u00fcrs Begleiten der Siegerehrung!<\/p>\n<p>Bis n\u00e4chstes Jahr!<\/p>\n<p><a href=\"https:\/\/glemmerhof.at\/wp-content\/uploads\/2024\/12\/ergebnisse_indoor2024_BSVglemmerhof.pdf\" target=\"_blank\" rel=\"noopener\">Ergebnisse LM &amp; Sternturnier<\/a><\/p>\n<p>&nbsp;<\/p>\n<p><em><strong>2023<\/strong><\/em><\/p>\n<p>Am 25. November 2023 findet das 8. Glemmtal-Hallenturnier und die Salzburger Landesmeisterschaft Indoor wieder bei uns in der tollen Halle der Volksschule Saalbach statt.<\/p>\n<p>Herzlichen Dank f\u00fcrs Dabei sein!<\/p>\n<p><a href=\"https:\/\/glemmerhof.at\/wp-content\/uploads\/2023\/11\/ergebnisse_indoor2023_glemmerhof.pdf\">ergebnisse_indoor2023_glemmerhof<\/a><\/p>\n","protected":false},"excerpt":{"rendered":"<p>2025 Herzlichen Dank f\u00fcrs dabei sein beim 10. Glemmtal &#8211; Hallenturnier, am 30. November 2025, dem ersten Adventsonntag. Herzlichen Gl\u00fcckwunsch zu allen Leistungen und bis zum n\u00e4chsten Mal! Ergebnisse: Ergebnisse Hallenturnier 2025 &nbsp; 2024 Herzlichen Dank f\u00fcrs Dabei sein! Es war wunderbar den 1. Adventsonntag gemeinsam mit Euch in der Halle zu verbringen, danke an &hellip; <\/p>\n<p class=\"link-more\"><a href=\"https:\/\/glemmerhof.at\/?page_id=575\" class=\"more-link\"><span class=\"screen-reader-text\">\u201eHallenturnier\u201c <\/span>weiterlesen<\/a><\/p>\n","protected":false},"author":1,"featured_media":0,"parent":0,"menu_order":0,"comment_status":"closed","ping_status":"closed","template":"","meta":{"footnotes":""},"class_list":["post-575","page","type-page","status-publish","hentry"],"_links":{"self":[{"href":"https:\/\/glemmerhof.at\/index.php?rest_route=\/wp\/v2\/pages\/575","targetHints":{"allow":["GET"]}}],"collection":[{"href":"https:\/\/glemmerhof.at\/index.php?rest_route=\/wp\/v2\/pages"}],"about":[{"href":"https:\/\/glemmerhof.at\/index.php?rest_route=\/wp\/v2\/types\/page"}],"author":[{"embeddable":true,"href":"https:\/\/glemmerhof.at\/index.php?rest_route=\/wp\/v2\/users\/1"}],"replies":[{"embeddable":true,"href":"https:\/\/glemmerhof.at\/index.php?rest_route=%2Fwp%2Fv2%2Fcomments&post=575"}],"version-history":[{"count":27,"href":"https:\/\/glemmerhof.at\/index.php?rest_route=\/wp\/v2\/pages\/575\/revisions"}],"predecessor-version":[{"id":845,"href":"https:\/\/glemmerhof.at\/index.php?rest_route=\/wp\/v2\/pages\/575\/revisions\/845"}],"wp:attachment":[{"href":"https:\/\/glemmerhof.at\/index.php?rest_route=%2Fwp%2Fv2%2Fmedia&parent=575"}],"curies":[{"name":"wp","href":"https:\/\/api.w.org\/{rel}","templated":true}]}}