{"id":376,"date":"2022-05-09T10:29:20","date_gmt":"2022-05-09T08:29:20","guid":{"rendered":"https:\/\/glemmerhof.at\/?page_id=376"},"modified":"2025-05-12T14:20:41","modified_gmt":"2025-05-12T12:20:41","slug":"turniere","status":"publish","type":"page","link":"https:\/\/glemmerhof.at\/?page_id=376","title":{"rendered":"Turniere"},"content":{"rendered":"<h2>19. Glemmerhofturnier, 10.05.2025<\/h2>\n<p>Herzlichen an alle die dabei waren bei unserem 19. Schie\u00dfen mit Freunden!<br \/>\nFotos von der Siegerehrung findet ihr auf unserer Facebookseite.<\/p>\n<p><a href=\"https:\/\/glemmerhof.at\/wp-content\/uploads\/2025\/05\/einzel_2025.pdf\">Einzelergebnisse 2025<\/a><br \/>\n<a href=\"https:\/\/glemmerhof.at\/wp-content\/uploads\/2025\/05\/mannschaft_2025.pdf\">Mannschaftsergebnisse 2025<\/a><\/p>\n<p><img loading=\"lazy\" decoding=\"async\" class=\"alignnone size-full wp-image-760\" src=\"https:\/\/glemmerhof.at\/wp-content\/uploads\/2025\/05\/3a69a0ca-d6ad-4a61-9567-92f4472c5d41.jpg\" alt=\"\" width=\"2000\" height=\"1500\" srcset=\"https:\/\/glemmerhof.at\/wp-content\/uploads\/2025\/05\/3a69a0ca-d6ad-4a61-9567-92f4472c5d41.jpg 2000w, https:\/\/glemmerhof.at\/wp-content\/uploads\/2025\/05\/3a69a0ca-d6ad-4a61-9567-92f4472c5d41-300x225.jpg 300w, https:\/\/glemmerhof.at\/wp-content\/uploads\/2025\/05\/3a69a0ca-d6ad-4a61-9567-92f4472c5d41-1024x768.jpg 1024w, https:\/\/glemmerhof.at\/wp-content\/uploads\/2025\/05\/3a69a0ca-d6ad-4a61-9567-92f4472c5d41-768x576.jpg 768w, https:\/\/glemmerhof.at\/wp-content\/uploads\/2025\/05\/3a69a0ca-d6ad-4a61-9567-92f4472c5d41-1536x1152.jpg 1536w\" sizes=\"auto, (max-width: 767px) 89vw, (max-width: 1000px) 54vw, (max-width: 1071px) 543px, 580px\" \/><\/p>\n<h2>18. Glemmerhofturnier, 20.04.2024<\/h2>\n<p>Vielen lieben Dank f\u00fcr Euer dabei sein!<br \/>\nEs war ein winterlicher Tag, den wir so auch noch nicht hatten,<br \/>\nihr habt euch davon aber nicht abbringen lassen, und somit konnten wir einen feinen Turniertag erleben! In diesem Jahr waren es 30 Ziele, 2 Labestationen, und alles ein bissl kleiner, und wir finden das war sehr fein!<br \/>\nEin herzliches Vergelt\u00b4s Gott an unsere Helfer und Grundbesitzer!<br \/>\nBis bald und passts auf Euch auf!<\/p>\n<p>Ergebnisse Mannschaft: <a href=\"https:\/\/glemmerhof.at\/wp-content\/uploads\/2024\/04\/mannschaft_2024.pdf\">mannschaft_2024<\/a><\/p>\n<p>Ergebnisse Einzel: <a href=\"https:\/\/glemmerhof.at\/wp-content\/uploads\/2024\/04\/einzel_glemmerhof2024.pdf\">einzel_glemmerhof2024<\/a><\/p>\n<p>Bilder sind auf unserer Facebookseite!<\/p>\n<p><img loading=\"lazy\" decoding=\"async\" class=\"alignnone size-full wp-image-648\" src=\"https:\/\/glemmerhof.at\/wp-content\/uploads\/2024\/04\/turnier.jpg\" alt=\"\" width=\"2048\" height=\"1536\" srcset=\"https:\/\/glemmerhof.at\/wp-content\/uploads\/2024\/04\/turnier.jpg 2048w, https:\/\/glemmerhof.at\/wp-content\/uploads\/2024\/04\/turnier-300x225.jpg 300w, https:\/\/glemmerhof.at\/wp-content\/uploads\/2024\/04\/turnier-1024x768.jpg 1024w, https:\/\/glemmerhof.at\/wp-content\/uploads\/2024\/04\/turnier-768x576.jpg 768w, https:\/\/glemmerhof.at\/wp-content\/uploads\/2024\/04\/turnier-1536x1152.jpg 1536w\" sizes=\"auto, (max-width: 767px) 89vw, (max-width: 1000px) 54vw, (max-width: 1071px) 543px, 580px\" \/><\/p>\n<h2><\/h2>\n<h2>16. Glemmerhofturnier, 07.05.2022<\/h2>\n<div class=\"\" dir=\"auto\">\n<div id=\"jsc_c_31u\" class=\"ecm0bbzt hv4rvrfc ihqw7lf3 dati1w0a\" data-ad-comet-preview=\"message\" data-ad-preview=\"message\">\n<div class=\"j83agx80 cbu4d94t ew0dbk1b irj2b8pg\">\n<div class=\"qzhwtbm6 knvmm38d\">\n<div class=\"kvgmc6g5 cxmmr5t8 oygrvhab hcukyx3x c1et5uql ii04i59q\">\n<div dir=\"auto\">Ein herzliches Dankesch\u00f6n an all unsere Helfer, ohne die so ein Turnier nicht m\u00f6chlich w\u00e4re. Ein herzliches Dankesch\u00f6n an Euch Sch\u00fctzen f\u00fcrs Kommen, bei dem Wetter bestimmt eine \u00dcberwindung in der Fr\u00fch <span class=\"pq6dq46d tbxw36s4 knj5qynh kvgmc6g5 ditlmg2l oygrvhab nvdbi5me sf5mxxl7 gl3lb2sf hhz5lgdu\"><img loading=\"lazy\" decoding=\"async\" src=\"https:\/\/static.xx.fbcdn.net\/images\/emoji.php\/v9\/tf6\/2\/16\/1f609.png\" alt=\"\ud83d\ude09\" width=\"16\" height=\"16\" \/><\/span><\/div>\n<div dir=\"auto\">Herzlichen Dank an Heinz Schepetz f\u00fcr die Bilder!<\/div>\n<div dir=\"auto\">Ein gro\u00dfer Dank an unsere Grundbesitzer f\u00fcrs &#8222;dr\u00fcber lassen&#8220;<\/div>\n<div dir=\"auto\">Es war ein feiner Turniertag, wie immer unter dem Motto &#8222;Schie\u00dfen mit Freunden&#8220; <span class=\"pq6dq46d tbxw36s4 knj5qynh kvgmc6g5 ditlmg2l oygrvhab nvdbi5me sf5mxxl7 gl3lb2sf hhz5lgdu\"><img loading=\"lazy\" decoding=\"async\" src=\"https:\/\/static.xx.fbcdn.net\/images\/emoji.php\/v9\/t89\/2\/16\/1f970.png\" alt=\"\ud83e\udd70\" width=\"16\" height=\"16\" \/><\/span><\/div>\n<div dir=\"auto\">Bis bald,<\/div>\n<div dir=\"auto\">Eure Glemmerhofer <span class=\"pq6dq46d tbxw36s4 knj5qynh kvgmc6g5 ditlmg2l oygrvhab nvdbi5me sf5mxxl7 gl3lb2sf hhz5lgdu\"><img loading=\"lazy\" decoding=\"async\" src=\"https:\/\/static.xx.fbcdn.net\/images\/emoji.php\/v9\/tbd\/2\/16\/1f3f9.png\" alt=\"\ud83c\udff9\" width=\"16\" height=\"16\" \/><\/span><span class=\"pq6dq46d tbxw36s4 knj5qynh kvgmc6g5 ditlmg2l oygrvhab nvdbi5me sf5mxxl7 gl3lb2sf hhz5lgdu\"><img loading=\"lazy\" decoding=\"async\" src=\"https:\/\/static.xx.fbcdn.net\/images\/emoji.php\/v9\/t56\/2\/16\/1f917.png\" alt=\"\ud83e\udd17\" width=\"16\" height=\"16\" \/><\/span><\/div>\n<\/div>\n<div dir=\"auto\">Bilder sind auf unserer Facebookseite:\u00a0<a href=\"https:\/\/www.facebook.com\/media\/set?vanity=bogenparcours.glemmerhof&amp;set=a.4670336633071370\">LINK<\/a><\/div>\n<\/div>\n<\/div>\n<\/div>\n<\/div>\n<div dir=\"auto\"><\/div>\n<div dir=\"auto\">Ergebnisse Mannschaft: <a href=\"https:\/\/glemmerhof.at\/wp-content\/uploads\/2022\/05\/mannschaftsergebnisse.pdf\">mannschaftsergebnisse<\/a><\/div>\n<div dir=\"auto\">Ergebnisse Einzel: <a href=\"https:\/\/glemmerhof.at\/wp-content\/uploads\/2022\/05\/einzelergebnisse.pdf\">einzelergebnisse<\/a><\/div>\n<div dir=\"auto\"><\/div>\n<div dir=\"auto\"><img loading=\"lazy\" decoding=\"async\" class=\"alignnone size-full wp-image-379\" src=\"https:\/\/glemmerhof.at\/wp-content\/uploads\/2022\/05\/2022-Glemmerhof-37.jpg\" alt=\"\" width=\"1181\" height=\"886\" srcset=\"https:\/\/glemmerhof.at\/wp-content\/uploads\/2022\/05\/2022-Glemmerhof-37.jpg 1181w, https:\/\/glemmerhof.at\/wp-content\/uploads\/2022\/05\/2022-Glemmerhof-37-300x225.jpg 300w, https:\/\/glemmerhof.at\/wp-content\/uploads\/2022\/05\/2022-Glemmerhof-37-1024x768.jpg 1024w, https:\/\/glemmerhof.at\/wp-content\/uploads\/2022\/05\/2022-Glemmerhof-37-768x576.jpg 768w\" sizes=\"auto, (max-width: 767px) 89vw, (max-width: 1000px) 54vw, (max-width: 1071px) 543px, 580px\" \/><\/div>\n<div dir=\"auto\"><\/div>\n","protected":false},"excerpt":{"rendered":"<p>19. Glemmerhofturnier, 10.05.2025 Herzlichen an alle die dabei waren bei unserem 19. Schie\u00dfen mit Freunden! Fotos von der Siegerehrung findet ihr auf unserer Facebookseite. Einzelergebnisse 2025 Mannschaftsergebnisse 2025 18. Glemmerhofturnier, 20.04.2024 Vielen lieben Dank f\u00fcr Euer dabei sein! Es war ein winterlicher Tag, den wir so auch noch nicht hatten, ihr habt euch davon aber &hellip; <\/p>\n<p class=\"link-more\"><a href=\"https:\/\/glemmerhof.at\/?page_id=376\" class=\"more-link\"><span class=\"screen-reader-text\">\u201eTurniere\u201c <\/span>weiterlesen<\/a><\/p>\n","protected":false},"author":1,"featured_media":0,"parent":0,"menu_order":0,"comment_status":"closed","ping_status":"closed","template":"","meta":{"footnotes":""},"class_list":["post-376","page","type-page","status-publish","hentry"],"_links":{"self":[{"href":"https:\/\/glemmerhof.at\/index.php?rest_route=\/wp\/v2\/pages\/376","targetHints":{"allow":["GET"]}}],"collection":[{"href":"https:\/\/glemmerhof.at\/index.php?rest_route=\/wp\/v2\/pages"}],"about":[{"href":"https:\/\/glemmerhof.at\/index.php?rest_route=\/wp\/v2\/types\/page"}],"author":[{"embeddable":true,"href":"https:\/\/glemmerhof.at\/index.php?rest_route=\/wp\/v2\/users\/1"}],"replies":[{"embeddable":true,"href":"https:\/\/glemmerhof.at\/index.php?rest_route=%2Fwp%2Fv2%2Fcomments&post=376"}],"version-history":[{"count":5,"href":"https:\/\/glemmerhof.at\/index.php?rest_route=\/wp\/v2\/pages\/376\/revisions"}],"predecessor-version":[{"id":761,"href":"https:\/\/glemmerhof.at\/index.php?rest_route=\/wp\/v2\/pages\/376\/revisions\/761"}],"wp:attachment":[{"href":"https:\/\/glemmerhof.at\/index.php?rest_route=%2Fwp%2Fv2%2Fmedia&parent=376"}],"curies":[{"name":"wp","href":"https:\/\/api.w.org\/{rel}","templated":true}]}}