{"id":36,"date":"2021-04-29T19:34:53","date_gmt":"2021-04-29T17:34:53","guid":{"rendered":"http:\/\/neu.glemmerhof.at\/?page_id=36"},"modified":"2025-11-17T15:16:29","modified_gmt":"2025-11-17T14:16:29","slug":"kontakt-2","status":"publish","type":"page","link":"https:\/\/glemmerhof.at\/?page_id=36","title":{"rendered":"Kontakt"},"content":{"rendered":"<p>Familie Ronacher<br \/>\nGlemmerstra\u00dfe 52<br \/>\n5752 Viehhofen<br \/>\nTel. +43 6542 68576<br \/>\n<a href=\"mailto:info@glemmerhof.at\">info@glemmerhof.at<\/a><\/p>\n<p>Wir freuen uns auf deine Zimmer- und Campinganfrage per Mail.<br \/>\nWenn es sich rund um das Thema Bogenschie\u00dfen dreht bitte anrufen!<br \/>\nKurzfristige Tischreservierungen und Reservierungen f\u00fcrs Bogenschie\u00dfen sind per Mail nicht m\u00f6glich, diese sind generell nur nach Best\u00e4tigung g\u00fcltig.<\/p>\n<p><iframe loading=\"lazy\" style=\"border: 0;\" src=\"https:\/\/www.google.com\/maps\/embed?pb=!1m18!1m12!1m3!1d2702.40956328224!2d12.761514550856953!3d47.36492432906718!2m3!1f0!2f0!3f0!3m2!1i1024!2i768!4f13.1!3m3!1m2!1s0x4777029e7a8a43ff%3A0x64429b1b7145f748!2sGasthof%20Glemmerhof!5e0!3m2!1sde!2sat!4v1622205070372!5m2!1sde!2sat\" width=\"600\" height=\"450\" allowfullscreen=\"allowfullscreen\"><\/iframe><\/p>\n<p><strong>Rechnungsanschrift:<\/strong><\/p>\n<p>Gasthof Camping Glemmerhof<br \/>\nMarianne Ronacher<br \/>\nGlemmerstr. 52<br \/>\n5752 Viehhofen<br \/>\nUID: ATU53077101<\/p>\n","protected":false},"excerpt":{"rendered":"<p>Familie Ronacher Glemmerstra\u00dfe 52 5752 Viehhofen Tel. +43 6542 68576 info@glemmerhof.at Wir freuen uns auf deine Zimmer- und Campinganfrage per Mail. Wenn es sich rund um das Thema Bogenschie\u00dfen dreht bitte anrufen! Kurzfristige Tischreservierungen und Reservierungen f\u00fcrs Bogenschie\u00dfen sind per Mail nicht m\u00f6glich, diese sind generell nur nach Best\u00e4tigung g\u00fcltig. Rechnungsanschrift: Gasthof Camping Glemmerhof Marianne &hellip; <\/p>\n<p class=\"link-more\"><a href=\"https:\/\/glemmerhof.at\/?page_id=36\" class=\"more-link\"><span class=\"screen-reader-text\">\u201eKontakt\u201c <\/span>weiterlesen<\/a><\/p>\n","protected":false},"author":1,"featured_media":0,"parent":0,"menu_order":0,"comment_status":"closed","ping_status":"closed","template":"","meta":{"footnotes":""},"class_list":["post-36","page","type-page","status-publish","hentry"],"_links":{"self":[{"href":"https:\/\/glemmerhof.at\/index.php?rest_route=\/wp\/v2\/pages\/36","targetHints":{"allow":["GET"]}}],"collection":[{"href":"https:\/\/glemmerhof.at\/index.php?rest_route=\/wp\/v2\/pages"}],"about":[{"href":"https:\/\/glemmerhof.at\/index.php?rest_route=\/wp\/v2\/types\/page"}],"author":[{"embeddable":true,"href":"https:\/\/glemmerhof.at\/index.php?rest_route=\/wp\/v2\/users\/1"}],"replies":[{"embeddable":true,"href":"https:\/\/glemmerhof.at\/index.php?rest_route=%2Fwp%2Fv2%2Fcomments&post=36"}],"version-history":[{"count":8,"href":"https:\/\/glemmerhof.at\/index.php?rest_route=\/wp\/v2\/pages\/36\/revisions"}],"predecessor-version":[{"id":836,"href":"https:\/\/glemmerhof.at\/index.php?rest_route=\/wp\/v2\/pages\/36\/revisions\/836"}],"wp:attachment":[{"href":"https:\/\/glemmerhof.at\/index.php?rest_route=%2Fwp%2Fv2%2Fmedia&parent=36"}],"curies":[{"name":"wp","href":"https:\/\/api.w.org\/{rel}","templated":true}]}}