{"id":35,"date":"2021-04-29T19:34:53","date_gmt":"2021-04-29T17:34:53","guid":{"rendered":"http:\/\/neu.glemmerhof.at\/?page_id=35"},"modified":"2021-09-29T14:38:51","modified_gmt":"2021-09-29T12:38:51","slug":"bsv-glemmerhof","status":"publish","type":"page","link":"https:\/\/glemmerhof.at\/?page_id=35","title":{"rendered":"BSV Glemmerhof"},"content":{"rendered":"<p>Seit Januar 2011 gibt es auch im Glemmtal einen Bogenverein. Mittlerweile sind wir ca. 100 Mitglieder, und sind stolz auch schon viele Erfolge f\u00fcr den BSV Glemmerhof verbuchen zu k\u00f6nnen. Diese Seite dient zur Information \u00fcber unseren Verein, zum Beobachten was wir denn so treiben, und zum Bestaunen unserer Erfolge!<br \/>\nWir freuen uns euch im Glemmerhof, beim Training und bei anderen Turnieren und Veranstaltungen zu treffen!<\/p>\n<p><img loading=\"lazy\" decoding=\"async\" class=\"alignnone  wp-image-239\" src=\"https:\/\/glemmerhof.at\/wp-content\/uploads\/2021\/09\/bsv_glemmerhof.gif\" alt=\"\" width=\"187\" height=\"196\" \/><\/p>\n","protected":false},"excerpt":{"rendered":"<p>Seit Januar 2011 gibt es auch im Glemmtal einen Bogenverein. Mittlerweile sind wir ca. 100 Mitglieder, und sind stolz auch schon viele Erfolge f\u00fcr den BSV Glemmerhof verbuchen zu k\u00f6nnen. Diese Seite dient zur Information \u00fcber unseren Verein, zum Beobachten was wir denn so treiben, und zum Bestaunen unserer Erfolge! Wir freuen uns euch im &hellip; <\/p>\n<p class=\"link-more\"><a href=\"https:\/\/glemmerhof.at\/?page_id=35\" class=\"more-link\"><span class=\"screen-reader-text\">\u201eBSV Glemmerhof\u201c <\/span>weiterlesen<\/a><\/p>\n","protected":false},"author":1,"featured_media":0,"parent":0,"menu_order":0,"comment_status":"closed","ping_status":"closed","template":"","meta":{"footnotes":""},"class_list":["post-35","page","type-page","status-publish","hentry"],"_links":{"self":[{"href":"https:\/\/glemmerhof.at\/index.php?rest_route=\/wp\/v2\/pages\/35","targetHints":{"allow":["GET"]}}],"collection":[{"href":"https:\/\/glemmerhof.at\/index.php?rest_route=\/wp\/v2\/pages"}],"about":[{"href":"https:\/\/glemmerhof.at\/index.php?rest_route=\/wp\/v2\/types\/page"}],"author":[{"embeddable":true,"href":"https:\/\/glemmerhof.at\/index.php?rest_route=\/wp\/v2\/users\/1"}],"replies":[{"embeddable":true,"href":"https:\/\/glemmerhof.at\/index.php?rest_route=%2Fwp%2Fv2%2Fcomments&post=35"}],"version-history":[{"count":5,"href":"https:\/\/glemmerhof.at\/index.php?rest_route=\/wp\/v2\/pages\/35\/revisions"}],"predecessor-version":[{"id":240,"href":"https:\/\/glemmerhof.at\/index.php?rest_route=\/wp\/v2\/pages\/35\/revisions\/240"}],"wp:attachment":[{"href":"https:\/\/glemmerhof.at\/index.php?rest_route=%2Fwp%2Fv2%2Fmedia&parent=35"}],"curies":[{"name":"wp","href":"https:\/\/api.w.org\/{rel}","templated":true}]}}