{"id":34,"date":"2021-04-29T19:34:53","date_gmt":"2021-04-29T17:34:53","guid":{"rendered":"http:\/\/neu.glemmerhof.at\/?page_id=34"},"modified":"2026-04-08T10:39:57","modified_gmt":"2026-04-08T08:39:57","slug":"bogenparcours","status":"publish","type":"page","link":"https:\/\/glemmerhof.at\/?page_id=34","title":{"rendered":"Bogenparcours"},"content":{"rendered":"<p>Seit dem Fr\u00fchjahr 2004 gibt es bei uns einen Bogenparcours. Naturgetreu nachgebildete Tiere warten darauf von Ihnen &#8222;erlegt&#8220; zu werden. Ein Riesenspa\u00df f\u00fcr die ganze Familie. Im eigenen Verleih sind B\u00f6gen, Pfeile und anderes Zubeh\u00f6r f\u00fcr alle gro\u00dfen und kleinen &#8222;J\u00e4ger&#8220; erh\u00e4ltlich.<br \/>\nNach einer Einschulung geht es ab auf die &#8222;Pirsch&#8220;. 28 verschiedene Ziele warten auf Sie. Auch ein bewegliches Ziel ist dabei. Durch die verschieden gef\u00e4rbten Abschusspfl\u00f6cke findet jeder Sch\u00fctze die richtige Entfernung. Die Faszination beim Bogensport ist der Ausgleich f\u00fcr K\u00f6rper und Geist. Man vergisst die Sorgen und den Stress des Alltages und kann so in frischer Waldluft neue Energie tanken.<br \/>\nDer zum Gro\u00dfteil im Wald gelegene Parcours ist bei nahezu jedem Wetter ben\u00fctzbar. Feste Wanderschuhe sorgen f\u00fcr einen guten Stand. Schnupperkurse, Gruppen oder auch eine gef\u00fchrte Wanderung durch den Parcours sind gegen Voranmeldung jederzeit m\u00f6glich. Der Parcours ist, abh\u00e4ngend von der Anzahl der Sch\u00fctzen, innerhalb von ca. 2 \u2013 4 Stunden zu begehen. Der Weg ist gut ausgeschildert und leicht zu finden, aber kein Spazierweg.<br \/>\n<em><strong>Gutes Schuhwerk (Bergschuhe) sind sehr wichtig!<\/strong><\/em><em><strong><br \/>\n<\/strong><\/em><br \/>\nAb dem Sommer 2017 haben wir auch einen zweiten Parcours in Hinterglemm aufgebaut. Der Parcours ist von ca. Mai bis September\/Oktober begehbar.<br \/>\n(je nach Witterung)<br \/>\nInfos &amp; \u00d6ffnungszeiten findet ihr unter <a href=\"http:\/\/www.alpenoase.at\" target=\"_blank\" rel=\"noopener noreferrer\">www.alpenoase.at<\/a><\/p>\n<h2><strong>\u00d6ffnungszeiten &amp; Preise f\u00fcr den Bogenparcours<\/strong><\/h2>\n<p>T\u00e4glich ab 08.30 Uhr ge\u00f6ffnet.<\/p>\n<p>F\u00fcr Sch\u00fctzen mit eigener Ausr\u00fcstung<br \/>\nist unser Bogenparcours ganzt\u00e4gig und ganzj\u00e4hrig ge\u00f6ffnet!<\/p>\n<p><strong>Umbau Turnier \u2013 ab 03.05.2026 geschlossen und bis ca. Dienstag 12. Mai gesperrt!<\/strong><\/p>\n<p><span style=\"color: #ff6600;\"><strong>F\u00fcr Anf\u00e4nger mit Leihausr\u00fcstung bitten wir aus<br \/>\norganisatorischen Gr\u00fcnden um Voranmeldung.<\/strong><\/span><\/p>\n<p>F\u00fcr Gruppen ist ebenfalls eine Anmeldung notwendig!<br \/>\nAktuell steht unser Sommerparcours mit 28 Stationen.<br \/>\nDie Absch\u00fcsse sind nach dem Regelwerk der IFAA und WA. Compound sowie Armbrust sind bei uns erlaubt.<\/p>\n<ul>\n<li style=\"list-style-type: none;\">\n<ul>\n<li>Parcoursben\u00fctzung inkl. Ausr\u00fcstung Erwachsene \u20ac 26,-<\/li>\n<li>Kinder bis zum vollendeten 13. Lebensjahr \u20ac 15,-<\/li>\n<li>Pfeilverlust \u20ac 6,-<\/li>\n<li>Parcoursben\u00fctzung Erwachsene \u20ac 15,-<\/li>\n<li>Ben\u00fctzung Feldparcours 12 Scheiben (nur im Sommer) \u20ac 15,-<\/li>\n<li>Kinder bis zum vollendeten 13. Lebensjahr \u20ac 7,-<\/li>\n<li>Kinder bis 4,99 Jahren &#8211; frei<\/li>\n<li>Halbjahreskarte Erwachsene (1.1. &#8211; 30.06. oder 1.07.-31.12) \u20ac 130,-<\/li>\n<li>Jahreskarte Erwachsene (1.1. &#8211; 31.12.) \u20ac 175,-<\/li>\n<li>Jahreskarte Kinder (1.1. &#8211; 31.12.) \u20ac 70,-<\/li>\n<\/ul>\n<\/li>\n<\/ul>\n<p>Wir sind Partner der Sommercard Viehhofen, Jokercardpartner,\u00a0 und Rabattpartner vom Gutscheinheft in Maishofen!<\/p>\n<p>Gruppen auf Anfrage!<\/p>\n<p><img loading=\"lazy\" decoding=\"async\" class=\"alignnone wp-image-126\" src=\"https:\/\/glemmerhof.at\/wp-content\/uploads\/2021\/05\/Ma\u0308nnlein-klein.jpg\" alt=\"\" width=\"347\" height=\"364\" srcset=\"https:\/\/glemmerhof.at\/wp-content\/uploads\/2021\/05\/Ma\u0308nnlein-klein.jpg 591w, https:\/\/glemmerhof.at\/wp-content\/uploads\/2021\/05\/Ma\u0308nnlein-klein-286x300.jpg 286w\" sizes=\"auto, (max-width: 347px) 100vw, 347px\" \/><\/p>\n<p>&nbsp;<\/p>\n","protected":false},"excerpt":{"rendered":"<p>Seit dem Fr\u00fchjahr 2004 gibt es bei uns einen Bogenparcours. Naturgetreu nachgebildete Tiere warten darauf von Ihnen &#8222;erlegt&#8220; zu werden. Ein Riesenspa\u00df f\u00fcr die ganze Familie. Im eigenen Verleih sind B\u00f6gen, Pfeile und anderes Zubeh\u00f6r f\u00fcr alle gro\u00dfen und kleinen &#8222;J\u00e4ger&#8220; erh\u00e4ltlich. Nach einer Einschulung geht es ab auf die &#8222;Pirsch&#8220;. 28 verschiedene Ziele warten &hellip; <\/p>\n<p class=\"link-more\"><a href=\"https:\/\/glemmerhof.at\/?page_id=34\" class=\"more-link\"><span class=\"screen-reader-text\">\u201eBogenparcours\u201c <\/span>weiterlesen<\/a><\/p>\n","protected":false},"author":1,"featured_media":349,"parent":0,"menu_order":0,"comment_status":"closed","ping_status":"closed","template":"","meta":{"footnotes":""},"class_list":["post-34","page","type-page","status-publish","has-post-thumbnail","hentry"],"_links":{"self":[{"href":"https:\/\/glemmerhof.at\/index.php?rest_route=\/wp\/v2\/pages\/34","targetHints":{"allow":["GET"]}}],"collection":[{"href":"https:\/\/glemmerhof.at\/index.php?rest_route=\/wp\/v2\/pages"}],"about":[{"href":"https:\/\/glemmerhof.at\/index.php?rest_route=\/wp\/v2\/types\/page"}],"author":[{"embeddable":true,"href":"https:\/\/glemmerhof.at\/index.php?rest_route=\/wp\/v2\/users\/1"}],"replies":[{"embeddable":true,"href":"https:\/\/glemmerhof.at\/index.php?rest_route=%2Fwp%2Fv2%2Fcomments&post=34"}],"version-history":[{"count":38,"href":"https:\/\/glemmerhof.at\/index.php?rest_route=\/wp\/v2\/pages\/34\/revisions"}],"predecessor-version":[{"id":869,"href":"https:\/\/glemmerhof.at\/index.php?rest_route=\/wp\/v2\/pages\/34\/revisions\/869"}],"wp:featuredmedia":[{"embeddable":true,"href":"https:\/\/glemmerhof.at\/index.php?rest_route=\/wp\/v2\/media\/349"}],"wp:attachment":[{"href":"https:\/\/glemmerhof.at\/index.php?rest_route=%2Fwp%2Fv2%2Fmedia&parent=34"}],"curies":[{"name":"wp","href":"https:\/\/api.w.org\/{rel}","templated":true}]}}