{"id":27,"date":"2021-04-29T19:34:53","date_gmt":"2021-04-29T17:34:53","guid":{"rendered":"http:\/\/neu.glemmerhof.at\/?page_id=27"},"modified":"2025-07-14T13:23:21","modified_gmt":"2025-07-14T11:23:21","slug":"startseite","status":"publish","type":"page","link":"https:\/\/glemmerhof.at\/","title":{"rendered":"Startseite"},"content":{"rendered":"<h1>Herzlich Willkommen im<br \/>\nGasthof Camping Bogenparcours Glemmerhof<\/h1>\n<p>Unser kleiner Familienbetrieb ist der ideale Ausgangspunkt f\u00fcr Ihren Sommer oder Winterurlaub.<br \/>\nIm Herzen des Pinzgaues gelegen, ist von uns aus vieles in K\u00fcrze zu erreichen. Das ist zum Beispiel der Gro\u00dfglockner, das Kitzsteinhorn, die Krimmler Wasserf\u00e4lle, Zell am See und nat\u00fcrlich der weltbekannte Schi WM Ort Saalbach Hinterglemm.<br \/>\nUnser Campingplatz verf\u00fcgt \u00fcber circa 30 Stellpl\u00e4tze f\u00fcr Sommer und Winter.<br \/>\nDer Gasthof hat 6 G\u00e4stezimmer, davon auch ein gro\u00dfes Familienzimmer. Unsere Zimmer wurden alle in den Jahren 2018 &#8211; 2021 grundrenoviert.<\/p>\n<p>Wir freuen uns auf Ihren Besuch in unserem Gasthof<br \/>\nFamilie Ronacher<\/p>\n","protected":false},"excerpt":{"rendered":"<p>Herzlich Willkommen im Gasthof Camping Bogenparcours Glemmerhof Unser kleiner Familienbetrieb ist der ideale Ausgangspunkt f\u00fcr Ihren Sommer oder Winterurlaub. Im Herzen des Pinzgaues gelegen, ist von uns aus vieles in K\u00fcrze zu erreichen. Das ist zum Beispiel der Gro\u00dfglockner, das Kitzsteinhorn, die Krimmler Wasserf\u00e4lle, Zell am See und nat\u00fcrlich der weltbekannte Schi WM Ort Saalbach &hellip; <\/p>\n<p class=\"link-more\"><a href=\"https:\/\/glemmerhof.at\/\" class=\"more-link\"><span class=\"screen-reader-text\">\u201eStartseite\u201c <\/span>weiterlesen<\/a><\/p>\n","protected":false},"author":1,"featured_media":0,"parent":0,"menu_order":0,"comment_status":"closed","ping_status":"closed","template":"","meta":{"footnotes":""},"class_list":["post-27","page","type-page","status-publish","hentry"],"_links":{"self":[{"href":"https:\/\/glemmerhof.at\/index.php?rest_route=\/wp\/v2\/pages\/27","targetHints":{"allow":["GET"]}}],"collection":[{"href":"https:\/\/glemmerhof.at\/index.php?rest_route=\/wp\/v2\/pages"}],"about":[{"href":"https:\/\/glemmerhof.at\/index.php?rest_route=\/wp\/v2\/types\/page"}],"author":[{"embeddable":true,"href":"https:\/\/glemmerhof.at\/index.php?rest_route=\/wp\/v2\/users\/1"}],"replies":[{"embeddable":true,"href":"https:\/\/glemmerhof.at\/index.php?rest_route=%2Fwp%2Fv2%2Fcomments&post=27"}],"version-history":[{"count":9,"href":"https:\/\/glemmerhof.at\/index.php?rest_route=\/wp\/v2\/pages\/27\/revisions"}],"predecessor-version":[{"id":793,"href":"https:\/\/glemmerhof.at\/index.php?rest_route=\/wp\/v2\/pages\/27\/revisions\/793"}],"wp:attachment":[{"href":"https:\/\/glemmerhof.at\/index.php?rest_route=%2Fwp%2Fv2%2Fmedia&parent=27"}],"curies":[{"name":"wp","href":"https:\/\/api.w.org\/{rel}","templated":true}]}}