{"id":119,"date":"2021-05-28T14:58:40","date_gmt":"2021-05-28T12:58:40","guid":{"rendered":"http:\/\/neu.glemmerhof.at\/?page_id=119"},"modified":"2025-11-17T15:18:17","modified_gmt":"2025-11-17T14:18:17","slug":"impressum","status":"publish","type":"page","link":"https:\/\/glemmerhof.at\/?page_id=119","title":{"rendered":"Impressum"},"content":{"rendered":"<h1>Impressum<\/h1>\n<p>Gasthof Camping Glemmerhof Viehhofen<br \/>\nMarianne Ronacher<br \/>\nGlemmerstra\u00dfe 52, A-5752 Viehhofen<br \/>\nTel. +43 (0) 6542 68576, Fax +43 (0) 6542 68576 77<br \/>\ne-mail: <a href=\"mailto:info@glemmerhof.at\"> info@glemmerhof.at <\/a><br \/>\nUID: ATU53077101<\/p>\n<h2>Bankverbindung<\/h2>\n<p>Raiffeisenbank Viehhofen<br \/>\nIBAN: AT34 3505 2000 0310 1888<br \/>\nBIC: RVSAAT2S052<br \/>\nKontoname: Marianne Ronacher<br \/>\nBei Bank\u00fcberweisungen auf unser Konto bitte unbedingt Name und Adresse angeben.<br \/>\nWir akzeptieren EC und Kreditkarten.<br \/>\nGerichtsstand: 5700 Zell am See<br \/>\nBeh\u00f6rde gem. ECG: Bezirkshauptmannschaft 5700 Zell am See<br \/>\nMitglied der Wirtschaftskammer \u00d6sterreich\/Salzburg<\/p>\n<h2>Stornobedingungen<\/h2>\n<p>Bis 3 Monate vor Anreise \u2013 keine Stornogeb\u00fchren<br \/>\n3 Monate bis 1 Monat vor Anreise \u2013 40% des Gesamtpreises<br \/>\n1 Monat bis 1 Woche vor Anreise \u2013 70% des Gesamtpreises<br \/>\nIn der letzten Woche vor Anreise \u2013 90% des Gesamtpreises<\/p>\n<p>Es gelten die \u00d6sterreichischen Hotelvertragsbedingungen.<\/p>\n<p><a href=\"http:\/\/www.wko.at\" target=\"_blank\" rel=\"noopener noreferrer\">Link Wirtschaftskammer \u00d6sterreich<\/a><\/p>\n<p>Download \u00d6sterreichische Hotelvertragsbedingungen:<\/p>\n<p><a href=\"https:\/\/glemmerhof.at\/wp-content\/uploads\/2022\/05\/AGBH_deutsch.pdf\">\u00d6sterreichische Hotelvertratsbedingungen &#8211; DEUTSCH<\/a><\/p>\n<h2>Zahlungen<\/h2>\n<p>Es ist m\u00f6glich in unserem Gasthof mit Bargeld, Kreditkarte und Debit- bzw. Bankomatkarte zu bezahlen.<br \/>\nKartenzahlungen gehen allerdings erst ab einem Betrag von \u20ac 20,-<\/p>\n<h2>Datenschutz<\/h2>\n<p>Grundlagen Diese Datenschutzerkl\u00e4rung betrifft alle Personen, die die Dienstleistungen im Gasthof Camping Bogenparcours Glemmerhof nutzen. Wir informieren Sie damit \u00fcber Art, Umfang und Zweck der Erhebung und Verwendung Ihrer personenbezogenen Daten durch unser Unternehmen. Wir achten Ihre Privatsph\u00e4re und sind bestrebt, die gesetzlichen Vorgaben f\u00fcr die Verarbeitung Ihrer personenbezogenen Daten (EU-Verordnung Nr. 679\/2016 (DSGVO), DSG 2000, DSG 2018 und TKG 2003) genau einzuhalten. Alle Ihre personenbezogenen Daten werden auf dieser Grundlage verarbeitet. Verantwortlicher f\u00fcr die Datenverarbeitung ist Marianne Ronacher<br \/>\nUnser Datenschutzkoordinator ist Marianne Ronacher<\/p>\n<p>Mit der Nutzung unserer Dienstleistungen und der Erteilung von Einwilligungen im Sinne dieser Erkl\u00e4rung best\u00e4tigen Sie, dass Sie das 14. Lebensjahr vollendet haben und in der Lage sind, eine zul\u00e4ssige Einwilligung zu erteilen, oder dass bereits eine wirksame Einwilligung Ihres Erziehungsberechtigten oder Ihres Sachwalters vorliegt.<\/p>\n<p>Angaben gem\u00e4\u00df Art 13 DSGVO<br \/>\nIhre personenbezogenen Daten, das sind insbesondere Ihre Stammdaten (Name, Vorname, Adresse, Mail Adresse, Telefon- und Faxnummer, Geburtsdatum, Kundennummer) sowie Sprache und KFZ-Kennzeichen,<br \/>\ndie Daten in Reisedokumenten (Passnummer, Passdaten, Geburtsdatum, ausstellende Beh\u00f6rde, Laufzeit, Nationalit\u00e4t) und Ausweisen (Personalausweis, F\u00fchrerschein etc. samt ausstellender Beh\u00f6rde und Laufzeit), die Daten zu Zahlungsart und im Zusammenhang mit Zahlungen, insbesondere mit EC-Karten, Kreditkarten und Bankkarten, die von Ihnen angefragte Aufenthaltsdauer sowie mit dem Aufenthalt zusammenh\u00e4ngende Destinationen, Hotels, Kontaktpersonen, Konditionen, die Sie uns bekannt geben, werden f\u00fcr unsere Dienstleistungen ben\u00f6tigt. Dazu geh\u00f6ren auch Buchungen von Reisen, Fremdenf\u00fchrern, Gastronomie, Mietfahrzeugen, Transfers, Registraturabwicklungen, Versicherungen, Events, Touren, Akkreditierungen, Gutscheinen einschlie\u00dflich Kundenanlage, Verrechnung und deren \u00dcberpr\u00fcfung (B2B, B2C, FIT), Ticketbuchungen, Diese Daten werden deshalb zu diesen Zwecken von uns gespeichert, verarbeitet und, soweit erforderlich, an Dritte, mit denen wir zur Erbringung eines m\u00f6glichst effektiven und bestm\u00f6glichen Service f\u00fcr unsere Kunden, zusammenarbeiten \u2013 dazu k\u00f6nnen auch Dienstleister in Drittstaaten als Auftragsverarbeiter, Software- und Agenturdienstleister geh\u00f6ren \u2013, \u00fcbermittelt. Profiling und automatisierte Entscheidungen setzen wir nicht ein.<br \/>\nDie Rechtsgrundlagen f\u00fcr diese Datenverarbeitungsprozesse sind die Erf\u00fcllung unserer vorvertraglichen und vertraglichen Verpflichtungen Ihnen gegen\u00fcber, von Ihnen eingeholte Einwilligungen, gesetzliche, vertragliche oder sonstige rechtliche Verpflichtungen unsererseits (z.B. Dokumentationsrechte und -pflichten nach dem Rechnungswesen, Steuer- und Zollrecht, Vertragswesen, Meldewesen, Rechtsstreitigkeiten sowie \u00a7 96 TKG und unsere berechtigten Interessen (z.B. die Verbesserung unseres Kundenservice, auch im Bereich der Direktwerbung oder die Wahrnehmung unserer eigenen rechtlichen Interessen). Die Dauer der Speicherung bemisst sich nach der Dauer unserer Gesch\u00e4ftsbeziehung, den von Ihnen erteilten Einwilligungen, dar\u00fcber hinaus nach den f\u00fcr uns geltenden gesetzlichen Aufbewahrungspflichten und rechtlichen Verpflichtungen. Wir betonen, dass wir im Fall einer regelm\u00e4\u00dfigen Zusammenarbeit f\u00fcr unser bestm\u00f6gliches Kundenservice bestrebt sind, Ihre bereits an uns \u00fcbermittelten Kundenw\u00fcnsche so gut zu kennen, dass wir Sie laufend und dauerhaft zufriedenstellen k\u00f6nnen. HINWEIS: Angaben um Informationen gem\u00e4\u00df Art 14 DSGVO wenn personenbezogene Daten verarbeitet werden, die nicht direkt bei den Kunden als Betroffenen erhoben werden (siehe dazu auch Punkt 1. der Erl\u00e4uterungen und Hinweise (\u201ePlatzierung und Inhalt der Datenschutzerkl\u00e4rung\u201c) zu dieser Erkl\u00e4rung). Unsere Webauftritte Durch den Aufruf unserer Website werden automatisch Ihre Zugriffsdaten erhoben und gespeichert. Diese Zugriffsdaten k\u00f6nnen insbesondere die aufgerufene Seite, die angesehenen Dateien, Datum und Uhrzeit des Aufrufs, IP-Adresse des Benutzers, Daten des aufrufenden Rechners, insbesondere des Browsers und des Betriebssystems, sowie die Datenmenge und die Meldung des erfolgreichen Aufrufs umfassen. Diese Zugriffsdaten werden von uns f\u00fcr interne statistische Zwecke verwendet, um die Sicherheit unseres Angebots zu gew\u00e4hrleisten und um das Angebot zu optimieren. Bei Verdacht einer rechtswidrigen Handlung werden die Zugriffsdaten zur Beweissicherung ausgewertet. Mit der Eingabe Ihrer personenbezogenen Daten in eines unserer Kontaktformulare stimmen Sie f\u00fcr die Dauer der Betreuung dieser konkreten Anfrage der \u00dcbermittlung an und Speicherung und Verarbeitung durch uns zu. Dies gilt insbesondere f\u00fcr Ihre Anfragen per Kontakt-Formular, Chat und E-Mails, die Sie uns senden. Wir ben\u00f6tigen diese Daten zur Bearbeitung Ihrer Anfrage und speichern in diesen F\u00e4llen auch Ihre IP-Adresse zu Zwecken der Beweissicherung. Die Speicherung erfolgt solange dies f\u00fcr die Betreuung allf\u00e4lliger erg\u00e4nzender oder nachtr\u00e4glicher gestellter Fragen durch Sie oder uns erforderlich ist. Die Rechtsgrundlagen f\u00fcr diese Datenverarbeitungen sind Ihre Einwilligung, unsere vorvertraglichen und vertraglichen Verpflichtungen Ihnen gegen\u00fcber, unsere berechtigten Interessen und rechtlichen Verpflichtungen aller Art und \u00a7 96 TKG.<\/p>\n<p>\u00dcbermittlung an Dritte \/ Verpflichtungen von Auftragsverarbeitern Ihre personenbezogenen Daten werden von uns unter Umst\u00e4nden innerhalb des Konzerns unter Ber\u00fccksichtigung der zul\u00e4ssigen Verwendungszwecke, an Auftragsverarbeiter (z.B. f\u00fcr unsere elektronische Werbung in Form von Newslettern) sowie, an Dritte, die f\u00fcr die Erbringung der von Ihnen gew\u00fcnschten Dienstleistungen beigezogen werden m\u00fcssen, die sich alle uns gegen\u00fcber zur Einhaltung der geltenden Datenschutz-Standards verpflichtet haben, \u00fcbermittelt. Sollte die Einhaltung europ\u00e4ischer Datenschutz-Standards nicht m\u00f6glich sein \u2013 etwa weil im konkreten Fall Standardvertragsklauseln, Angemessenheitsbeschl\u00fcsse oder Zertifizierungen nicht gew\u00e4hrleistet sind \u2013 kl\u00e4ren wir Sie rechtzeitig auf und holen auch die erforderlichen Einwilligungen von Ihnen ein. F\u00fcr weitere Informationen kontaktieren Sie uns bitte unter info@glemmerhof.at<\/p>\n<p>Cookies und Tracking Dienste<br \/>\nWir verwenden Cookies, das sind kleine Textelemente, die zum Speichern von Informationen in Webbrowsern verwendet werden. Cookies werden bei Ihrem n\u00e4chsten Besuch unseres Webauftritts erkannt und tragen erheblich dazu bei, Ladevorg\u00e4nge zu beschleunigen und die Nutzung unserer Angebote komfortabel f\u00fcr Sie zu machen. Ihre von Cookies erkannten und gespeicherten Informationen dienen Ihrer Wiederkennung, aber auch der Analyse Ihres Nutzerverhaltens. Sie werden auf dem Server des jeweiligen Anbieters, der sich als Auftragsverarbeiter uns gegen\u00fcber zur Einhaltung der geltenden Datenschutz-Standards verpflichtet hat, gespeichert. Nachdem Sie unseren Webauftritt besucht haben, bleiben Cookies auf Ihrem Endger\u00e4t gespeichert, sofern Sie dies nicht von vornherein verweigern oder Sie Cookies nicht aktiv l\u00f6schen. Das aktive Deaktivieren von Cookies kann die Funktionalit\u00e4t unserer Webauftritte f\u00fcr Sie beeintr\u00e4chtigen. Sie k\u00f6nnen die Speicherung der Cookies auch durch eine entsprechende Einstellung Ihrer Browser-Software verhindern. Wir weisen Sie jedoch darauf hin, dass Sie in diesem Fall gegebenenfalls nicht s\u00e4mtliche Funktionen unserer Website werden nutzen k\u00f6nnen. Sie k\u00f6nnen dar\u00fcber hinaus die Weiterleitung der durch das Cookie erzeugten und auf Ihre Nutzung der Website bezogenen Daten (inkl. Ihrer IP-Adresse) an Google sowie die Verarbeitung dieser Daten durch Google verhindern, indem Sie das auf der Website google.com verf\u00fcgbare Browser-Plugin herunterladen und installieren. Das Plug-In ist jedoch nur f\u00fcr bestimmte Browser-Programme verf\u00fcgbar. Wir verwenden auf unserer Website auch Inhalte Dritter, um unseren Internet-Auftritt m\u00f6glichst informativ und komfortabel f\u00fcr Sie zu gestalten. Dazu geh\u00f6ren zB Google-Maps, RSS-Feeds oder Youtube. Diese Dritt-Anbieter erhalten aus technischen Gr\u00fcnden Ihre IP-Adresse. Auf die Verwendung dieser Daten durch den Dritt-Anbieter haben wir keinen Einfluss. Wir verweisen diesbez\u00fcglich auf die Datenschutzerkl\u00e4rungen der jeweiligen Anbieter.<\/p>\n<p>BEI VERWENDUNG VON FACEBOOK SOCIAL PLUG-INS: Wir verwenden Facebook Social Plug-Ins des sozialen Netzwerks Facebook, betrieben von den Unternehmen Facebook Ireland Limited, 4 Grand Canal Square Dublin 2, Irland, und Facebook Inc., 1601 S. California Avenue, Palo Alto, CA 94303, USA. Diese Plug-Ins sind Schaltfl\u00e4chen, mit denen Facebook misst, wer unsere Webseite aufruft. Ist der Besucher zugleich bei Facebook als Nutzer registriert und eingeloggt, werden dar\u00fcber hinaus weitere Informationen von Facebook gespeichert. Facebook erh\u00e4lt aus technischen Gr\u00fcnden Ihre IP-Adresse. Auf die Verwendung dieser Daten durch Facebook haben wir keinen Einfluss. Wir verweisen diesbez\u00fcglich auf die Datenschutzerkl\u00e4rungen von Facebook, insbesondere die unter folgendem Link abrufbaren Informationen: https:\/\/www.facebook.com\/help\/568137493302217.<\/p>\n<p>Sie erhalten dort auch Informationen, wie Sie mit Ihrem Browser Facebook Social Plug-Ins blockieren k\u00f6nnen.<\/p>\n<p>Kontakt<br \/>\nSie k\u00f6nnen jederzeit unentgeltlich Auskunft \u00fcber Ihre personenbezogenen Daten, die von uns gespeichert werden, verlangen. Sie haben als Betroffener auch das Recht auf Widerruf, Auskunft, L\u00f6schung, Richtigstellung, Einschr\u00e4nkung und \u00dcbertragung Ihrer personenbezogenen Daten, soweit dem keine gesetzliche Aufbewahrungspflicht unsererseits gegen\u00fcbersteht. Folgen des Widerrufs L\u00f6schung Ihrer Daten<br \/>\nF\u00fcr n\u00e4here Informationen zu Ihren Rechten als Betroffener kontaktieren Sie uns bitte unter info@glemmerhof.at. Wir helfen Ihnen gerne weiter. F\u00fcr Beschwerden ist als Aufsichtsbeh\u00f6rde die \u00d6sterreichische Datenschutzbeh\u00f6rde (DSB), Wickenburggasse 8-10, 1080 Wien, zust\u00e4ndig.<\/p>\n<p>Sonstiges<br \/>\nWir haben organisatorische und technische Schutzma\u00dfnahmen, die wir laufend evaluieren und bei Bedarf anpassen, implementiert, um Ihre von uns gespeicherten und verarbeiteten personenbezogenen Daten zu sch\u00fctzen. Wir behalten uns vor, diese Datenschutzerkl\u00e4rung jederzeit zu \u00e4ndern und an neue Entwicklungen anzupassen. Die neue Fassung gilt ab Bereitstellung auf unserer Website. Die aktuelle Fassung der Datenschutzerkl\u00e4rung ist jederzeit auf der Website unter www.glemmerhof.at abrufbar, unser Impressum unter<\/p>\n<h2>Bildquellen<\/h2>\n<p>Richard Ronacher \u2013 <a href=\"http:\/\/www.der-fotoigel.at\">www.der-fotoigel.at<\/a><br \/>\n<a href=\"http:\/\/www.saalbach.com\">www.saalbach.com<\/a><\/p>\n","protected":false},"excerpt":{"rendered":"<p>Impressum Gasthof Camping Glemmerhof Viehhofen Marianne Ronacher Glemmerstra\u00dfe 52, A-5752 Viehhofen Tel. +43 (0) 6542 68576, Fax +43 (0) 6542 68576 77 e-mail: info@glemmerhof.at UID: ATU53077101 Bankverbindung Raiffeisenbank Viehhofen IBAN: AT34 3505 2000 0310 1888 BIC: RVSAAT2S052 Kontoname: Marianne Ronacher Bei Bank\u00fcberweisungen auf unser Konto bitte unbedingt Name und Adresse angeben. Wir akzeptieren EC und &hellip; <\/p>\n<p class=\"link-more\"><a href=\"https:\/\/glemmerhof.at\/?page_id=119\" class=\"more-link\"><span class=\"screen-reader-text\">\u201eImpressum\u201c <\/span>weiterlesen<\/a><\/p>\n","protected":false},"author":1,"featured_media":0,"parent":0,"menu_order":0,"comment_status":"closed","ping_status":"closed","template":"","meta":{"footnotes":""},"class_list":["post-119","page","type-page","status-publish","hentry"],"_links":{"self":[{"href":"https:\/\/glemmerhof.at\/index.php?rest_route=\/wp\/v2\/pages\/119","targetHints":{"allow":["GET"]}}],"collection":[{"href":"https:\/\/glemmerhof.at\/index.php?rest_route=\/wp\/v2\/pages"}],"about":[{"href":"https:\/\/glemmerhof.at\/index.php?rest_route=\/wp\/v2\/types\/page"}],"author":[{"embeddable":true,"href":"https:\/\/glemmerhof.at\/index.php?rest_route=\/wp\/v2\/users\/1"}],"replies":[{"embeddable":true,"href":"https:\/\/glemmerhof.at\/index.php?rest_route=%2Fwp%2Fv2%2Fcomments&post=119"}],"version-history":[{"count":11,"href":"https:\/\/glemmerhof.at\/index.php?rest_route=\/wp\/v2\/pages\/119\/revisions"}],"predecessor-version":[{"id":837,"href":"https:\/\/glemmerhof.at\/index.php?rest_route=\/wp\/v2\/pages\/119\/revisions\/837"}],"wp:attachment":[{"href":"https:\/\/glemmerhof.at\/index.php?rest_route=%2Fwp%2Fv2%2Fmedia&parent=119"}],"curies":[{"name":"wp","href":"https:\/\/api.w.org\/{rel}","templated":true}]}}